{"id":56,"date":"2025-05-06T12:16:57","date_gmt":"2025-05-06T12:16:57","guid":{"rendered":"https:\/\/gotow.at\/?page_id=56"},"modified":"2025-05-06T12:16:57","modified_gmt":"2025-05-06T12:16:57","slug":"mitgliedschaft-im-verein-guardians-of-the-old-ways","status":"publish","type":"page","link":"https:\/\/gotow.at\/index.php\/mitgliedschaft-im-verein-guardians-of-the-old-ways\/","title":{"rendered":"Mitgliedschaft im Verein &#8222;Guardians of the Old Ways&#8220;"},"content":{"rendered":"\n<div class=\"wp-block-group alignfull has-accent-3-background-color has-background is-vertical is-content-justification-center is-layout-flex wp-container-core-group-is-layout-623b1cb9 wp-block-group-is-layout-flex\" style=\"min-height:100vh;margin-top:0;margin-bottom:0;padding-top:var(--wp--preset--spacing--60);padding-right:var(--wp--preset--spacing--50);padding-bottom:var(--wp--preset--spacing--60);padding-left:var(--wp--preset--spacing--50)\">\n<div class=\"wp-block-group has-global-padding is-layout-constrained wp-block-group-is-layout-constrained\">\n<figure class=\"wp-block-image aligncenter size-full is-resized\"><img loading=\"lazy\" decoding=\"async\" width=\"1024\" height=\"1024\" src=\"https:\/\/gotow.at\/wp-content\/uploads\/2025\/01\/Guardians-logo.jpg\" alt=\"\" class=\"wp-image-15\" style=\"aspect-ratio:0.9183673469387755;object-fit:cover;width:113px;height:auto\" srcset=\"https:\/\/gotow.at\/wp-content\/uploads\/2025\/01\/Guardians-logo.jpg 1024w, https:\/\/gotow.at\/wp-content\/uploads\/2025\/01\/Guardians-logo-300x300.jpg 300w, https:\/\/gotow.at\/wp-content\/uploads\/2025\/01\/Guardians-logo-150x150.jpg 150w, https:\/\/gotow.at\/wp-content\/uploads\/2025\/01\/Guardians-logo-768x768.jpg 768w\" sizes=\"auto, (max-width: 1024px) 100vw, 1024px\" \/><\/figure>\n\n\n\n<div style=\"height:var(--wp--preset--spacing--10)\" aria-hidden=\"true\" class=\"wp-block-spacer\"><\/div>\n\n\n\n<h2 class=\"wp-block-heading has-text-align-center has-contrast-color has-text-color has-link-color has-large-font-size wp-elements-1d1363c3371fd0193491e8dcbfa16924\" style=\"margin-right:0;margin-left:0;padding-right:0;padding-left:0\">Werde Teil unserer Gemeinschaft und unterst\u00fctze unsere Vision einer nachhaltigen und naturverbundenen Zukunft. Als Mitglied profitierst du von exklusiven Angeboten, Veranstaltungen und Aktivit\u00e4ten des Vereins. Deine Mitgliedschaft hilft uns, unsere Projekte weiter auszubauen und mehr Menschen auf den Weg zur\u00fcck zu den alten Weisheiten zu f\u00fchren.<\/h2>\n\n\n\n<p class=\"has-text-align-center\"><strong>Hinweis:<\/strong> Die Mitgliedschaft ist kostenpflichtig. Weitere Details zu den Beitr\u00e4gen und Leistungen erh\u00e4ltst du nach der Anmeldung.<\/p>\n\n\n\n<div style=\"height:var(--wp--preset--spacing--10)\" aria-hidden=\"true\" class=\"wp-block-spacer\"><\/div>\n\n\n\n<div class=\"wp-block-buttons is-content-justification-center is-layout-flex wp-container-core-buttons-is-layout-a89b3969 wp-block-buttons-is-layout-flex\">\n<div class=\"wp-block-button\"><a class=\"wp-block-button__link wp-element-button\">Anmelden<\/a><\/div>\n<\/div>\n<\/div>\n<\/div>\n","protected":false},"excerpt":{"rendered":"<p>Werde Teil unserer Gemeinschaft und unterst\u00fctze unsere Vision einer nachhaltigen und naturverbundenen Zukunft. Als Mitglied profitierst du von exklusiven Angeboten, Veranstaltungen und Aktivit\u00e4ten des Vereins. Deine Mitgliedschaft hilft uns, unsere Projekte weiter auszubauen und mehr Menschen auf den Weg zur\u00fcck zu den alten Weisheiten zu f\u00fchren. Hinweis: Die Mitgliedschaft ist kostenpflichtig. Weitere Details zu den [&hellip;]<\/p>\n","protected":false},"author":2,"featured_media":0,"parent":0,"menu_order":1,"comment_status":"closed","ping_status":"closed","template":"","meta":{"footnotes":""},"class_list":["post-56","page","type-page","status-publish","hentry"],"_links":{"self":[{"href":"https:\/\/gotow.at\/index.php\/wp-json\/wp\/v2\/pages\/56","targetHints":{"allow":["GET"]}}],"collection":[{"href":"https:\/\/gotow.at\/index.php\/wp-json\/wp\/v2\/pages"}],"about":[{"href":"https:\/\/gotow.at\/index.php\/wp-json\/wp\/v2\/types\/page"}],"author":[{"embeddable":true,"href":"https:\/\/gotow.at\/index.php\/wp-json\/wp\/v2\/users\/2"}],"replies":[{"embeddable":true,"href":"https:\/\/gotow.at\/index.php\/wp-json\/wp\/v2\/comments?post=56"}],"version-history":[{"count":2,"href":"https:\/\/gotow.at\/index.php\/wp-json\/wp\/v2\/pages\/56\/revisions"}],"predecessor-version":[{"id":58,"href":"https:\/\/gotow.at\/index.php\/wp-json\/wp\/v2\/pages\/56\/revisions\/58"}],"wp:attachment":[{"href":"https:\/\/gotow.at\/index.php\/wp-json\/wp\/v2\/media?parent=56"}],"curies":[{"name":"wp","href":"https:\/\/api.w.org\/{rel}","templated":true}]}}