{"id":47,"date":"2025-05-06T11:22:16","date_gmt":"2025-05-06T11:22:16","guid":{"rendered":"https:\/\/gotow.at\/?page_id=47"},"modified":"2025-05-06T11:22:16","modified_gmt":"2025-05-06T11:22:16","slug":"unsere-geschichte","status":"publish","type":"page","link":"https:\/\/gotow.at\/index.php\/unsere-geschichte\/","title":{"rendered":"Unsere Geschichte"},"content":{"rendered":"\n<div style=\"height:var(--wp--preset--spacing--50)\" aria-hidden=\"true\" class=\"wp-block-spacer\"><\/div>\n\n\n\n<div class=\"wp-block-group alignwide has-global-padding is-layout-constrained wp-block-group-is-layout-constrained\">\n<div class=\"wp-block-group alignwide is-nowrap is-layout-flex wp-container-core-group-is-layout-6c531013 wp-block-group-is-layout-flex\">\n<div class=\"wp-block-group alignwide is-vertical is-layout-flex wp-container-core-group-is-layout-fe9cc265 wp-block-group-is-layout-flex\">\n<h1 class=\"wp-block-heading alignwide has-text-align-center has-large-font-size\" style=\"line-height:1.2\">Alles begann mit einer einfachen, aber tiefen Erkenntnis: Die moderne Welt hat sich zu weit von den nat\u00fcrlichen Wurzeln des Menschen entfernt. In einer Zeit voller Hektik, Reiz\u00fcberflutung und Entfremdung entstand in uns der Wunsch nach einem Ort der R\u00fcckbesinnung \u2013 einem Raum, in dem altes Wissen, echte Gemeinschaft und Naturverbundenheit wieder gelebt werden k\u00f6nnen.<\/h1>\n\n\n\n<div class=\"wp-block-group is-nowrap is-layout-flex wp-container-core-group-is-layout-6c531013 wp-block-group-is-layout-flex\">\n<p>Aus dieser Vision heraus wurde <strong>Guardians of the Old Ways<\/strong> geboren \u2013 ein Verein, der sich dem Schutz und der Wiederentdeckung uralter Lebensweisen verschrieben hat. Nicht als romantischer R\u00fcckblick, sondern als zukunftsgerichteter Weg: Wir glauben, dass die Weisheit unserer Vorfahren wertvolle Antworten auf die Herausforderungen von heute und morgen bereith\u00e4lt.<\/p>\n\n\n\n<p>Was als pers\u00f6nlicher Ruf begann, w\u00e4chst nun Schritt f\u00fcr Schritt zu einer Bewegung heran. Wir begleiten Menschen auf ihrem Weg zur\u00fcck zur Natur, bieten Beratung, Projekte, Camps und Raum zur Entfaltung. Mit Herz, Verstand und Hingabe gestalten wir einen Ort, an dem Nachhaltigkeit, Einfachheit, Verbundenheit und Innovation kein Widerspruch sind \u2013 sondern ein gemeinsames Fundament.<\/p>\n\n\n\n<p>Unser Ziel ist es, ein lebendiges Netzwerk aus Menschen zu schaffen, die bereit sind, alte Wege neu zu gehen \u2013 im Einklang mit der Erde, miteinander und mit sich selbst.<\/p>\n<\/div>\n<\/div>\n<\/div>\n<\/div>\n\n\n\n<p><\/p>\n","protected":false},"excerpt":{"rendered":"<p>Alles begann mit einer einfachen, aber tiefen Erkenntnis: Die moderne Welt hat sich zu weit von den nat\u00fcrlichen Wurzeln des Menschen entfernt. In einer Zeit voller Hektik, Reiz\u00fcberflutung und Entfremdung entstand in uns der Wunsch nach einem Ort der R\u00fcckbesinnung \u2013 einem Raum, in dem altes Wissen, echte Gemeinschaft und Naturverbundenheit wieder gelebt werden k\u00f6nnen. [&hellip;]<\/p>\n","protected":false},"author":2,"featured_media":0,"parent":0,"menu_order":0,"comment_status":"closed","ping_status":"closed","template":"","meta":{"footnotes":""},"class_list":["post-47","page","type-page","status-publish","hentry"],"_links":{"self":[{"href":"https:\/\/gotow.at\/index.php\/wp-json\/wp\/v2\/pages\/47","targetHints":{"allow":["GET"]}}],"collection":[{"href":"https:\/\/gotow.at\/index.php\/wp-json\/wp\/v2\/pages"}],"about":[{"href":"https:\/\/gotow.at\/index.php\/wp-json\/wp\/v2\/types\/page"}],"author":[{"embeddable":true,"href":"https:\/\/gotow.at\/index.php\/wp-json\/wp\/v2\/users\/2"}],"replies":[{"embeddable":true,"href":"https:\/\/gotow.at\/index.php\/wp-json\/wp\/v2\/comments?post=47"}],"version-history":[{"count":1,"href":"https:\/\/gotow.at\/index.php\/wp-json\/wp\/v2\/pages\/47\/revisions"}],"predecessor-version":[{"id":48,"href":"https:\/\/gotow.at\/index.php\/wp-json\/wp\/v2\/pages\/47\/revisions\/48"}],"wp:attachment":[{"href":"https:\/\/gotow.at\/index.php\/wp-json\/wp\/v2\/media?parent=47"}],"curies":[{"name":"wp","href":"https:\/\/api.w.org\/{rel}","templated":true}]}}