{"id":39,"date":"2025-05-06T11:04:43","date_gmt":"2025-05-06T11:04:43","guid":{"rendered":"https:\/\/gotow.at\/?page_id=39"},"modified":"2025-05-06T11:52:53","modified_gmt":"2025-05-06T11:52:53","slug":"datenschutzerklaerung","status":"publish","type":"page","link":"https:\/\/gotow.at\/index.php\/datenschutzerklaerung\/","title":{"rendered":"Datenschutzerkl\u00e4rung"},"content":{"rendered":"\n<p>Der Schutz deiner pers\u00f6nlichen Daten ist uns ein besonderes Anliegen. Wir verarbeiten deine Daten daher ausschlie\u00dflich auf Grundlage der gesetzlichen Bestimmungen (DSGVO, TKG 2003).<\/p>\n\n\n\n<h3 class=\"wp-block-heading\">1. Kontakt mit uns<\/h3>\n\n\n\n<p>Wenn du per Formular auf der Website oder per E-Mail Kontakt mit uns aufnimmst, werden deine angegebenen Daten zwecks Bearbeitung der Anfrage und f\u00fcr den Fall von Anschlussfragen sechs Monate bei uns gespeichert. Diese Daten geben wir nicht ohne deine Einwilligung weiter.<\/p>\n\n\n\n<h3 class=\"wp-block-heading\">2. Speicherung von Zugriffsdaten<\/h3>\n\n\n\n<p>Beim Besuch unserer Website speichert der Webserver automatisch Informationen wie:<\/p>\n\n\n\n<ul class=\"wp-block-list\">\n<li>die Adresse (URL) der aufgerufenen Seite<\/li>\n\n\n\n<li>Browser und Browserversion<\/li>\n\n\n\n<li>das verwendete Betriebssystem<\/li>\n\n\n\n<li>die Referrer-URL (die zuvor besuchte Seite)<\/li>\n\n\n\n<li>die IP-Adresse des zugreifenden Ger\u00e4ts<\/li>\n\n\n\n<li>Datum und Uhrzeit<\/li>\n<\/ul>\n\n\n\n<p>Diese Daten dienen der statistischen Auswertung und Verbesserung unserer Website. Wir behalten uns vor, diese Daten nachtr\u00e4glich zu pr\u00fcfen, wenn konkrete Hinweise auf eine rechtswidrige Nutzung vorliegen.<\/p>\n\n\n\n<h3 class=\"wp-block-heading\">3. Cookies<\/h3>\n\n\n\n<p>Unsere Website verwendet Cookies. Dabei handelt es sich um kleine Textdateien, die mit Hilfe des Browsers auf deinem Endger\u00e4t abgelegt werden. Sie richten keinen Schaden an.<\/p>\n\n\n\n<p>Wir nutzen Cookies dazu, unser Angebot nutzerfreundlich zu gestalten. Einige Cookies bleiben auf deinem Endger\u00e4t gespeichert, bis du sie l\u00f6schst. Sie erm\u00f6glichen es uns, deinen Browser beim n\u00e4chsten Besuch wiederzuerkennen.<\/p>\n\n\n\n<p>Wenn du das nicht m\u00f6chtest, kannst du deinen Browser so einrichten, dass er dich \u00fcber das Setzen von Cookies informiert und du dies nur im Einzelfall erlaubst.<\/p>\n\n\n\n<h3 class=\"wp-block-heading\">4. Deine Rechte<\/h3>\n\n\n\n<p>Dir stehen grunds\u00e4tzlich die Rechte auf:<\/p>\n\n\n\n<ul class=\"wp-block-list\">\n<li>Auskunft<\/li>\n\n\n\n<li>Berichtigung<\/li>\n\n\n\n<li>L\u00f6schung<\/li>\n\n\n\n<li>Einschr\u00e4nkung<\/li>\n\n\n\n<li>Daten\u00fcbertragbarkeit<\/li>\n\n\n\n<li>Widerruf und Widerspruch<\/li>\n<\/ul>\n\n\n\n<p>Wenn du glaubst, dass die Verarbeitung deiner Daten gegen das Datenschutzrecht verst\u00f6\u00dft oder deine datenschutzrechtlichen Anspr\u00fcche in sonstiger Weise verletzt worden sind, kannst du dich bei der Aufsichtsbeh\u00f6rde beschweren. In \u00d6sterreich ist dies die Datenschutzbeh\u00f6rde.<\/p>\n\n\n\n<h3 class=\"wp-block-heading\">5. Verantwortlich f\u00fcr die Datenverarbeitung:<\/h3>\n\n\n\n<p><strong>Verein Guardians of the Old Ways<\/strong><br>info@gotow.at<br><\/p>\n\n\n\n<p><\/p>\n","protected":false},"excerpt":{"rendered":"<p>Der Schutz deiner pers\u00f6nlichen Daten ist uns ein besonderes Anliegen. Wir verarbeiten deine Daten daher ausschlie\u00dflich auf Grundlage der gesetzlichen Bestimmungen (DSGVO, TKG 2003). 1. Kontakt mit uns Wenn du per Formular auf der Website oder per E-Mail Kontakt mit uns aufnimmst, werden deine angegebenen Daten zwecks Bearbeitung der Anfrage und f\u00fcr den Fall von [&hellip;]<\/p>\n","protected":false},"author":2,"featured_media":0,"parent":0,"menu_order":1,"comment_status":"closed","ping_status":"closed","template":"","meta":{"footnotes":""},"class_list":["post-39","page","type-page","status-publish","hentry"],"_links":{"self":[{"href":"https:\/\/gotow.at\/index.php\/wp-json\/wp\/v2\/pages\/39","targetHints":{"allow":["GET"]}}],"collection":[{"href":"https:\/\/gotow.at\/index.php\/wp-json\/wp\/v2\/pages"}],"about":[{"href":"https:\/\/gotow.at\/index.php\/wp-json\/wp\/v2\/types\/page"}],"author":[{"embeddable":true,"href":"https:\/\/gotow.at\/index.php\/wp-json\/wp\/v2\/users\/2"}],"replies":[{"embeddable":true,"href":"https:\/\/gotow.at\/index.php\/wp-json\/wp\/v2\/comments?post=39"}],"version-history":[{"count":1,"href":"https:\/\/gotow.at\/index.php\/wp-json\/wp\/v2\/pages\/39\/revisions"}],"predecessor-version":[{"id":40,"href":"https:\/\/gotow.at\/index.php\/wp-json\/wp\/v2\/pages\/39\/revisions\/40"}],"wp:attachment":[{"href":"https:\/\/gotow.at\/index.php\/wp-json\/wp\/v2\/media?parent=39"}],"curies":[{"name":"wp","href":"https:\/\/api.w.org\/{rel}","templated":true}]}}